{"id":8701,"date":"2020-08-30T17:05:35","date_gmt":"2020-08-30T14:05:35","guid":{"rendered":"https:\/\/tourever.com.tr\/?page_id=8701"},"modified":"2022-05-04T21:59:40","modified_gmt":"2022-05-04T18:59:40","slug":"hakkimizda","status":"publish","type":"page","link":"https:\/\/tourever.com.tr\/tr\/hakkimizda\/","title":{"rendered":"Hakk\u0131m\u0131zda"},"content":{"rendered":"<section class=\"wpb-content-wrapper\"><p>[vc_row][vc_column][vc_empty_space height=&#8221;60px&#8221;][\/vc_column][\/vc_row][vc_row][vc_column width=&#8221;1\/2&#8243;][vc_single_image image=&#8221;8535&#8243; img_size=&#8221;full&#8221; alignment=&#8221;center&#8221; css_animation=&#8221;none&#8221;][vc_column_text el_class=&#8221;st-aboutus-title&#8221;]<\/p>\n<h3>Hikayemiz<\/h3>\n<p>[\/vc_column_text][vc_column_text el_class=&#8221;st-aboutus-content&#8221;]Tourever Travel Seyahat Acentas\u0131, 2015 y\u0131l\u0131nda Balsun Organizasyon Dan\u0131\u015fmanl\u0131k Turizm Ticaret Limited\u00a0 \u015eirketi \u00e7at\u0131s\u0131 alt\u0131nda, T\u00dcRSAB A Grubu Seyahat Acentas\u0131 belgesini alarak turizm alan\u0131nda faaliyet g\u00f6stermeye ba\u015flam\u0131\u015ft\u0131r.<\/p>\n<p>Seyahat Acentam\u0131z, \u00fclkemizin tarihi, turistik ve k\u00fclt\u00fcrel de\u011ferlerini yerli ve yabanc\u0131 gezginlere tan\u0131tmak amac\u0131yla d\u00fczenlenen k\u00fclt\u00fcr turlar\u0131n\u0131n yan\u0131 s\u0131ra Spor, Sa\u011fl\u0131k ve Do\u011fa Turizmi alanlar\u0131nda da farkl\u0131 tur paketleri sunmaktad\u0131r.<\/p>\n<p><strong>Istanbul On Bike<\/strong> markas\u0131 alt\u0131nda d\u00fczenledi\u011fimiz bisiklet turlar\u0131m\u0131z ile misafirlerimize hem \u015fehrimizin do\u011fal ve k\u00fclt\u00fcrel g\u00fczelliklerini ke\u015ffetme hem de sa\u011fl\u0131kl\u0131 ve keyifli vakit ge\u00e7irme imkan\u0131 sunuyoruz.<\/p>\n<p>&nbsp;<\/p>\n<p><strong><u>ACENTAMIZIN \u00dcYES\u0130 OLDU\u011eU VE \u0130\u015eB\u0130RL\u0130\u011e\u0130 YAPTI\u011eI ULUSLARARASI PLATFORMLAR:<\/u><\/strong><\/p>\n<ul>\n<li>Uluslararas\u0131 Bisiklet Tur Operat\u00f6rlerinden olu\u015fan <strong>Cycle Cities<\/strong> isimli platformun T\u00fcrkiye\u2019den tek \u00fcyesi<\/li>\n<li>Sufi Yolu Y\u00fcr\u00fcy\u00fc\u015f ve Bisiklet Turlar\u0131, \u0130stanbul Uzman Orta\u011f\u0131<\/li>\n<\/ul>\n<p>[\/vc_column_text][vc_empty_space height=&#8221;30px&#8221;][\/vc_column][vc_column width=&#8221;1\/2&#8243;][vc_single_image image=&#8221;8534&#8243; img_size=&#8221;full&#8221; alignment=&#8221;center&#8221; css_animation=&#8221;none&#8221;][vc_column_text el_class=&#8221;st-aboutus-title&#8221;]<\/p>\n<h3>Misyonumuz<\/h3>\n<p>[\/vc_column_text][vc_column_text el_class=&#8221;st-aboutus-content&#8221;]Tarihe, Do\u011faya ve \u0130nsana Sayg\u0131l\u0131 Turizm\u201d<\/p>\n<p>T\u00fcm tur ve etkinliklerimizde \u00f6nceli\u011fimiz, misafirlerimize \u00fclkemizin tarihi, k\u00fclt\u00fcrel ve do\u011fal g\u00fczelliklerini tan\u0131t\u0131rken, Ekoturizm ve S\u00fcrd\u00fcr\u00fclebilir turizmin a\u015fa\u011f\u0131da verilen temel prensiplerini uygulamak ve katk\u0131da bulunmakt\u0131r.<\/p>\n<ul>\n<li>Ekoturizm alan\u0131nda farkl\u0131 tur ve aktiviteler \u00fcretmek,<\/li>\n<li>Tur ve aktivitelerimiz ile yerel halklar\u0131n ekonomik kalk\u0131nmas\u0131na destek olmak,<\/li>\n<li>T\u00fcm do\u011fa turlar\u0131m\u0131zda, \u201cDo\u011fal \u00e7evrenin s\u00fcrd\u00fcr\u00fclebilirli\u011fi&#8221; ilkesine ba\u011fl\u0131 kalmak<\/li>\n<li>Turlar\u0131m\u0131z esnas\u0131nda \u00e7evreye hi\u00e7bir \u015fekilde at\u0131k b\u0131rakmamak, do\u011fada silinemeyecek izler b\u0131rakmamak<\/li>\n<li>Yerel k\u00fclt\u00fcrlerin s\u00fcrd\u00fcr\u00fclebilirli\u011fi ilkesine ve yerel halklar\u0131n turizm faaliyetlerimizden yarar sa\u011flamas\u0131na \u00f6zen g\u00f6stermek<\/li>\n<li>Bir b\u00f6lgeye turizm arac\u0131l\u0131\u011f\u0131yla katk\u0131 sa\u011flarken, maddi ve manevi k\u00fclt\u00fcr unsurlar\u0131n\u0131n bozulmamas\u0131na dikkat etmek.<\/li>\n<\/ul>\n<p>[\/vc_column_text][vc_empty_space height=&#8221;30px&#8221;][\/vc_column][\/vc_row]<\/p>\n<\/section>","protected":false},"excerpt":{"rendered":"<p>[vc_row][vc_column][vc_empty_space height=&#8221;60px&#8221;][\/vc_column][\/vc_row][vc_row][vc_column width=&#8221;1\/2&#8243;][vc_single_image image=&#8221;8535&#8243; img_size=&#8221;full&#8221; alignment=&#8221;center&#8221; css_animation=&#8221;none&#8221;][vc_column_text el_class=&#8221;st-aboutus-title&#8221;] Hikayemiz [\/vc_column_text][vc_column_text el_class=&#8221;st-aboutus-content&#8221;]Tourever Travel Seyahat Acentas\u0131, 2015 y\u0131l\u0131nda Balsun Organizasyon Dan\u0131\u015fmanl\u0131k Turizm Ticaret Limited\u00a0 \u015eirketi \u00e7at\u0131s\u0131 alt\u0131nda, T\u00dcRSAB A Grubu Seyahat Acentas\u0131 belgesini alarak turizm alan\u0131nda faaliyet g\u00f6stermeye ba\u015flam\u0131\u015ft\u0131r. Seyahat Acentam\u0131z, \u00fclkemizin tarihi, turistik ve k\u00fclt\u00fcrel de\u011ferlerini yerli ve yabanc\u0131 gezginlere tan\u0131tmak amac\u0131yla d\u00fczenlenen k\u00fclt\u00fcr turlar\u0131n\u0131n yan\u0131 [&hellip;]<\/p>\n","protected":false},"author":1,"featured_media":8634,"parent":0,"menu_order":0,"comment_status":"closed","ping_status":"closed","template":"template-home-modern.php","meta":{"footnotes":""},"class_list":["post-8701","page","type-page","status-publish","has-post-thumbnail","hentry"],"_links":{"self":[{"href":"https:\/\/tourever.com.tr\/tr\/wp-json\/wp\/v2\/pages\/8701","targetHints":{"allow":["GET"]}}],"collection":[{"href":"https:\/\/tourever.com.tr\/tr\/wp-json\/wp\/v2\/pages"}],"about":[{"href":"https:\/\/tourever.com.tr\/tr\/wp-json\/wp\/v2\/types\/page"}],"author":[{"embeddable":true,"href":"https:\/\/tourever.com.tr\/tr\/wp-json\/wp\/v2\/users\/1"}],"replies":[{"embeddable":true,"href":"https:\/\/tourever.com.tr\/tr\/wp-json\/wp\/v2\/comments?post=8701"}],"version-history":[{"count":4,"href":"https:\/\/tourever.com.tr\/tr\/wp-json\/wp\/v2\/pages\/8701\/revisions"}],"predecessor-version":[{"id":8729,"href":"https:\/\/tourever.com.tr\/tr\/wp-json\/wp\/v2\/pages\/8701\/revisions\/8729"}],"wp:featuredmedia":[{"embeddable":true,"href":"https:\/\/tourever.com.tr\/tr\/wp-json\/wp\/v2\/media\/8634"}],"wp:attachment":[{"href":"https:\/\/tourever.com.tr\/tr\/wp-json\/wp\/v2\/media?parent=8701"}],"curies":[{"name":"wp","href":"https:\/\/api.w.org\/{rel}","templated":true}]}}