{"id":8721,"date":"2020-09-01T13:18:27","date_gmt":"2020-09-01T10:18:27","guid":{"rendered":"https:\/\/tourever.com.tr\/?page_id=8721"},"modified":"2022-05-04T21:52:51","modified_gmt":"2022-05-04T18:52:51","slug":"kullanim-sartlari","status":"publish","type":"page","link":"https:\/\/tourever.com.tr\/tr\/kullanim-sartlari\/","title":{"rendered":"Kullan\u0131m \u015eartlar\u0131"},"content":{"rendered":"<section class=\"wpb-content-wrapper\"><p>[vc_row][vc_column][vc_empty_space][\/vc_column][\/vc_row][vc_row][vc_column][vc_column_text]<\/p>\n<p><strong>WEB S\u0130TES\u0130 KULLANIM KO\u015eULLARI: tourever.com.tr<\/strong><\/p>\n<p>Siteye eri\u015fiminizden veya siteyi kullan\u0131m\u0131n\u0131zdan \u00f6nce l\u00fctfen bu s\u00f6zle\u015fmeyi dikkatle okuyunuz. Siteye eri\u015fmekle veya siteyi kullanmakla, a\u015fa\u011f\u0131da belirtilen \u015fartlar ve h\u00fck\u00fcmlerle ba\u011fl\u0131 olmay\u0131 kabul etmektesiniz. E\u011fer bu \u015fartlar ve h\u00fck\u00fcmlerle ba\u011fl\u0131 olmak istemezseniz, siteye eri\u015fmeyebilir veya siteyi kullanmayabilirsiniz ve b\u00f6yle bir kullan\u0131ma ba\u015flad\u0131ysan\u0131z kullan\u0131m\u0131 derhal durdurmal\u0131s\u0131n\u0131z. \u201cwww.tourever.com.tr\u201d bu s\u00f6zle\u015fmede her zaman de\u011fi\u015fiklik yapabilir ve bu de\u011fi\u015fiklikler de\u011fi\u015ftirilmi\u015f s\u00f6zle\u015fmenin siteye konulmas\u0131yla derhal y\u00fcr\u00fcrl\u00fck kazan\u0131r. Siz bu de\u011fi\u015fikliklerden haberdar olmak amac\u0131yla periyodik olarak s\u00f6zle\u015fmeyi g\u00f6zden ge\u00e7irmeyi kabul etmektesiniz ve siteye devam eden eri\u015fiminiz veya devam eden siteyi kullan\u0131m\u0131n\u0131z de\u011fi\u015ftirilmi\u015f s\u00f6zle\u015fmeyi kesin olarak kabul etti\u011finiz anlam\u0131na gelecektir.<\/p>\n<ol>\n<li><strong> Ticari Markalar, Fikri M\u00fclkiyet, Telif Haklar\u0131<\/strong><\/li>\n<\/ol>\n<p>www. tourever.com.tr sitesinin t\u00fcm haklar\u0131 Balsun Organizasyon Dan\u0131\u015fmanl\u0131k Turizm Ticaret Ltd \u015eti\u2019ne aittir. Bu web sayfalar\u0131nda yay\u0131mlanan i\u00e7erikler (\u00f6rne\u011fin yaz\u0131l\u0131m, \u00fcr\u00fcnler, logolar, v.s. gibi ticari markalar, bilgiler, raporlar, resimler ve grafikler), ulusal ve uluslararas\u0131 kanunlar ve uluslararas\u0131 s\u00f6zle\u015fmeler ile korunmaktad\u0131r.<\/p>\n<p>Kullan\u0131c\u0131 Website dahilinde bulunan \u00fcr\u00fcnleri, bilgileri, her t\u00fcrl\u00fc veri taban\u0131n\u0131, resimleri, metinleri, ikonlar\u0131, g\u00f6rsel ve i\u015fitsel vesair imgeleri, video klipleri, dosyalar\u0131, web sitesi, software-code&#8217;lar\u0131n html kodu ve di\u011fer kodlar vs. ile, tasar\u0131mlar\u0131, kataloglar\u0131 ve listeleri k\u0131smen ya da tamamen \u00e7o\u011faltamayaca\u011f\u0131, kopyalamayaca\u011f\u0131, da\u011f\u0131tmayaca\u011f\u0131, i\u015flemeyece\u011fini, online ya da di\u011fer bir y\u00f6ntem kullan\u0131lmak suretiyle g\u00f6ndermeyece\u011fini, gerek bu eylemleri ile gerekse de ba\u015fka yollarla, Tourever Travel ile do\u011frudan ve\/veya dolayl\u0131 olarak rekabete girmeyece\u011fini kabul ve taahh\u00fct etmektedir.<\/p>\n<p>Sitede yer alan her t\u00fcrl\u00fc bilgi ve materyal;<\/p>\n<p>Site&#8217;nin tamam\u0131 ya da bir b\u00f6l\u00fcm\u00fc revize edilerek, ekleme yap\u0131larak ya da bir k\u0131sm\u0131 de\u011fi\u015ftirilerek farkl\u0131 bir bi\u00e7imde kullan\u0131lamaz.<\/p>\n<p>Site&#8217;den al\u0131nabilecek her t\u00fcrl\u00fc bilgi (yaz\u0131l\u0131 ya da g\u00f6rsel) rahatl\u0131kla g\u00f6r\u00fclebilecek b\u00fcy\u00fckl\u00fckte &#8220;\u00a92020, tourever.com.tr, T\u00fcm Haklar\u0131 Sakl\u0131d\u0131r&#8221; ifadesi eklenmeden kullan\u0131lamaz.<\/p>\n<p>Sitede yer alan ifadeler i\u00e7erisindeki 3. ki\u015fi ya da kurumlara ait tescilli marka, hizmet, logo vb. uyar\u0131lar ve ayra\u00e7lar, siteden al\u0131nt\u0131 yap\u0131ld\u0131\u011f\u0131nda kald\u0131r\u0131lamaz.<\/p>\n<ol start=\"2\">\n<li><strong> Kullan\u0131m Ko\u015fullar\u0131n\u0131n De\u011fi\u015ftirilmesi<\/strong><\/li>\n<\/ol>\n<p>tourever.com.tr\u2019nin herhangi bir sebep g\u00f6stermeksizin ve \u00f6nce veya sonra ihbarda bulunmaks\u0131z\u0131n bu kullan\u0131m ko\u015fullar\u0131n\u0131 de\u011fi\u015ftirme, ilavede bulunma veya yenileme hakk\u0131 sakl\u0131d\u0131r. Bu sayfalarda, mevcut ve g\u00fcncellenmi\u015f versiyon bulunmaktad\u0131r. Bu web sayfalar\u0131n\u0131n kullan\u0131lmas\u0131 ile kullan\u0131c\u0131, mevcut versiyon ile s\u0131n\u0131rland\u0131r\u0131lm\u0131\u015f oldu\u011funu kabul eder.<br \/>\n3. \u00dc\u00e7\u00fcnc\u00fc Parti Sitelere Verilen Ba\u011flant\u0131lara (Linklere) Dair<br \/>\nwww. tourever.com.tr, sitesinde direkt ya da dolayl\u0131 yoldan di\u011fer sitelere ba\u011flant\u0131 (link) verilebilir. Bu ba\u011flant\u0131lar\u0131n amac\u0131 bilgi vermek ya da reklamd\u0131r. Kullan\u0131c\u0131, site \u00fczerindeki linklerin kaynaklar\u0131 \u00fczerinde tourever.com.tr&#8217;nin hi\u00e7bir kontrol\u00fc olmad\u0131\u011f\u0131 i\u00e7in, www.tourever.com.tr&#8217;nin linklerinin g\u00f6sterdi\u011fi web sitelerinin veya kaynaklar\u0131n ula\u015f\u0131labilirli\u011finden sorumlu olmad\u0131\u011f\u0131n\u0131 ve bu web siteleri ve kaynaklar \u00fczerinde bulunan veya bunlardan elde edilebilen hi\u00e7bir i\u00e7erik, reklam, \u00fcr\u00fcn veya di\u011fer materyalden sorumlu olmad\u0131\u011f\u0131n\u0131 kabul eder. Kullan\u0131c\u0131 ayr\u0131ca www. tourever.com.tr&#8217;nin b\u00f6yle herhangi bir web sitesi veya kaynak \u00fczerinde veya bunlar yoluyla elde edilebilen herhangi bir i\u00e7erik, mal veya hizmete g\u00fcvenerek veya bunlar taraf\u0131ndan veya bunlar\u0131n kullan\u0131m\u0131 ile ba\u011flant\u0131l\u0131 olarak neden olunan ya da neden olundu\u011fu iddia edilen herhangi bir zarar veya kay\u0131ptan do\u011frudan veya dolayl\u0131 olarak sorumlu olmad\u0131\u011f\u0131n\u0131 kabul eder.<\/p>\n<ol start=\"4\">\n<li><strong> Kullan\u0131c\u0131 Bilgileri Hakk\u0131nda<\/strong><\/li>\n<\/ol>\n<p>www.tourever.com.tr sitesinde; kullan\u0131c\u0131lar\u0131n dolduracaklar\u0131 talep ve rezervasyon formlar\u0131n\u0131n yer ald\u0131\u011f\u0131 b\u00f6l\u00fcmler yer almaktad\u0131r. Bu b\u00f6l\u00fcmlerin doldurulmas\u0131 esnas\u0131nda kullan\u0131c\u0131lar\u0131n k\u00fcf\u00fcr, tehdit, tahrik, rahats\u0131z edici s\u00f6zleri ve kanuna ayk\u0131r\u0131 i\u00e7erikler kullanma ve ba\u015fkalar\u0131n\u0131n kanuni ve ki\u015fisel haklar\u0131na zarar verme haklar\u0131 yoktur. Ayr\u0131ca bu formlar\u0131n kopyalanarak kullan\u0131lmalar\u0131 veya yeniden \u00fcretilmek amac\u0131yla \u00f6rnek olarak kullan\u0131lmalar\u0131 yasakt\u0131r. Kullan\u0131c\u0131lar\u0131n\u0131n bu sayfalar\u0131 kullanarak bir \u00fcr\u00fcn ya da hizmet satma, ticari ama\u00e7l\u0131 reklam yapma ve benzeri ticari davran\u0131\u015flarda bulunma haklar\u0131 yoktur.<\/p>\n<ol start=\"5\">\n<li><strong> Hak ve Sorumluluklar<\/strong><\/li>\n<\/ol>\n<p>www. tourever.com.tr sitesine bulunan i\u00e7erikler s\u00fcrekli kontrol edilmekte ve g\u00fcncellenmektedir. Ancak, www. tourever.com.tr ve sahibi Balsun Organizasyon Dan\u0131\u015fmanl\u0131k Turizm Ticaret Ltd. \u015eti. site i\u00e7eri\u011findeki bilgi ve fiyat hatalar\u0131ndan sorumlu tutulamaz, sayfalar\u0131nda her t\u00fcrl\u00fc de\u011fi\u015fiklik ve yenili\u011fi istedi\u011fi anda yapabilir. Bu de\u011fi\u015fikliklerden dolay\u0131 do\u011fabilecek hi\u00e7bir rezervasyon, sat\u0131\u015f veya bilgi hatas\u0131ndan dolay\u0131 www.tourever.com.tr sitesi ve sahibi Balsun Organizasyon Dan\u0131\u015fmanl\u0131k Turizm Ticaret Ltd \u015eti&#8217;ne sorumluluk y\u00fcklenemez.<\/p>\n<p>www.tourever.com.tr sitesinin t\u00fcm kullan\u0131m ve i\u00e7erik haklar\u0131 sakl\u0131d\u0131r. Sitenin t\u00fcm haklar\u0131, sahibi olan firma Balsun Organizasyon Dan\u0131\u015fmanl\u0131k Turizm Ticaret Ltd \u015eti\u2019ne aittir. \u0130zinsiz kullan\u0131m\u0131 kanunlarla yasaklanm\u0131\u015ft\u0131r.<\/p>\n<p>[\/vc_column_text][\/vc_column][\/vc_row]<\/p>\n<\/section>","protected":false},"excerpt":{"rendered":"<p>[vc_row][vc_column][vc_empty_space][\/vc_column][\/vc_row][vc_row][vc_column][vc_column_text] WEB S\u0130TES\u0130 KULLANIM KO\u015eULLARI: tourever.com.tr Siteye eri\u015fiminizden veya siteyi kullan\u0131m\u0131n\u0131zdan \u00f6nce l\u00fctfen bu s\u00f6zle\u015fmeyi dikkatle okuyunuz. Siteye eri\u015fmekle veya siteyi kullanmakla, a\u015fa\u011f\u0131da belirtilen \u015fartlar ve h\u00fck\u00fcmlerle ba\u011fl\u0131 olmay\u0131 kabul etmektesiniz. E\u011fer bu \u015fartlar ve h\u00fck\u00fcmlerle ba\u011fl\u0131 olmak istemezseniz, siteye eri\u015fmeyebilir veya siteyi kullanmayabilirsiniz ve b\u00f6yle bir kullan\u0131ma ba\u015flad\u0131ysan\u0131z kullan\u0131m\u0131 derhal durdurmal\u0131s\u0131n\u0131z. \u201cwww.tourever.com.tr\u201d bu s\u00f6zle\u015fmede [&hellip;]<\/p>\n","protected":false},"author":1,"featured_media":8634,"parent":0,"menu_order":0,"comment_status":"closed","ping_status":"closed","template":"template-home-modern.php","meta":{"footnotes":""},"class_list":["post-8721","page","type-page","status-publish","has-post-thumbnail","hentry"],"_links":{"self":[{"href":"https:\/\/tourever.com.tr\/tr\/wp-json\/wp\/v2\/pages\/8721","targetHints":{"allow":["GET"]}}],"collection":[{"href":"https:\/\/tourever.com.tr\/tr\/wp-json\/wp\/v2\/pages"}],"about":[{"href":"https:\/\/tourever.com.tr\/tr\/wp-json\/wp\/v2\/types\/page"}],"author":[{"embeddable":true,"href":"https:\/\/tourever.com.tr\/tr\/wp-json\/wp\/v2\/users\/1"}],"replies":[{"embeddable":true,"href":"https:\/\/tourever.com.tr\/tr\/wp-json\/wp\/v2\/comments?post=8721"}],"version-history":[{"count":4,"href":"https:\/\/tourever.com.tr\/tr\/wp-json\/wp\/v2\/pages\/8721\/revisions"}],"predecessor-version":[{"id":9342,"href":"https:\/\/tourever.com.tr\/tr\/wp-json\/wp\/v2\/pages\/8721\/revisions\/9342"}],"wp:featuredmedia":[{"embeddable":true,"href":"https:\/\/tourever.com.tr\/tr\/wp-json\/wp\/v2\/media\/8634"}],"wp:attachment":[{"href":"https:\/\/tourever.com.tr\/tr\/wp-json\/wp\/v2\/media?parent=8721"}],"curies":[{"name":"wp","href":"https:\/\/api.w.org\/{rel}","templated":true}]}}