{"id":8777,"date":"2020-09-04T16:12:15","date_gmt":"2020-09-04T13:12:15","guid":{"rendered":"https:\/\/tourever.com.tr\/?page_id=8777"},"modified":"2020-09-07T23:15:22","modified_gmt":"2020-09-07T20:15:22","slug":"footer-tr","status":"publish","type":"page","link":"https:\/\/tourever.com.tr\/tr\/footer-tr\/","title":{"rendered":"Footer TR"},"content":{"rendered":"<section class=\"wpb-content-wrapper\"><p>[vc_row][vc_column][vc_empty_space][\/vc_column][\/vc_row][vc_row full_width=&#8221;stretch_row&#8221; css=&#8221;.vc_custom_1542265299369{background-color: #ffffff !important;}&#8221;][vc_column width=&#8221;1\/4&#8243;][vc_column_text css=&#8221;.vc_custom_1543220007372{margin-bottom: 20px !important;}&#8221;]<\/p>\n<h4 style=\"font-size: 14px;\">S\u0130ZE NASIL YARDIMCI OLAB\u0130L\u0130R\u0130Z?<\/h4>\n<p>[\/vc_column_text][vc_separator color=&#8221;custom&#8221; align=&#8221;align_left&#8221; el_width=&#8221;40&#8243; accent_color=&#8221;#eaeaea&#8221;][vc_column_text css=&#8221;.vc_custom_1596630734441{border-left-width: 3px !important;padding-left: 20px !important;border-left-color: #5191fa !important;border-left-style: solid !important;}&#8221;]<span style=\"color: #5e6d77;\">Bizi Arayabilirsiniz<\/span><\/p>\n<h4>+90 553 440 5544 +90 212 234 8055<\/h4>\n<p>[\/vc_column_text][vc_column_text css=&#8221;.vc_custom_1596630480596{border-left-width: 3px !important;padding-left: 20px !important;border-left-color: #5191fa !important;border-left-style: solid !important;}&#8221;]<span style=\"color: #5e6d77;\">Email Adresimiz<\/span><\/p>\n<h4>travel@tourever.com.tr<\/h4>\n<p>[\/vc_column_text][vc_column_text css=&#8221;.vc_custom_1599509612788{margin-bottom: 15px !important;border-left-width: 3px !important;padding-left: 20px !important;border-left-color: #5191fa !important;border-left-style: solid !important;}&#8221;]<span style=\"color: #5e6d77; margin-bottom: 5px;\">Bizi Takip Edin<\/span><\/p>\n<p><a style=\"margin-right: 20px;\" href=\"https:\/\/www.facebook.com\/ToureverTravel\" target=\"_blank\" rel=\"noopener noreferrer nofollow\"><img decoding=\"async\" class=\"alignnone wp-image-7794 size-full\" src=\"\/wp-content\/uploads\/2020\/08\/ico_facebook_footer.png\" alt=\"\" width=\"21\" height=\"25\" title=\"\"><\/a><a style=\"margin-right: 20px;\" href=\"https:\/\/twitter.com\/tourevertravel\" target=\"_blank\" rel=\"noopener noreferrer nofollow\"><img decoding=\"async\" class=\"alignnone wp-image-7795 size-full\" src=\"\/wp-content\/uploads\/2020\/08\/ico_twitter_footer.png\" alt=\"\" width=\"32\" height=\"24\" title=\"\"><\/a><a style=\"margin-right: 20px;\" href=\"https:\/\/www.instagram.com\/tourevertravel\/\" target=\"_blank\" rel=\"noopener noreferrer nofollow\"><img decoding=\"async\" class=\"alignnone wp-image-7796 size-full\" src=\"\/wp-content\/uploads\/2020\/08\/ico_instagram_footer.png\" alt=\"\" width=\"24\" height=\"22\" title=\"\"><\/a>[\/vc_column_text][\/vc_column][vc_column width=&#8221;1\/4&#8243;][vc_column_text css=&#8221;.vc_custom_1543220015251{margin-bottom: 20px !important;}&#8221;]<\/p>\n<h4 style=\"font-size: 14px;\">KURUMSAL<\/h4>\n<p>[\/vc_column_text][vc_separator color=&#8221;custom&#8221; align=&#8221;align_left&#8221; el_width=&#8221;40&#8243; accent_color=&#8221;#eaeaea&#8221;]<div class=\"widget widget_nav_menu\"><ul id=\"menu-footer-new-tr\" class=\"menu\"><li id=\"menu-item-9189\" class=\"menu-item menu-item-type-post_type menu-item-object-page menu-item-home menu-item-9189\"><a href=\"https:\/\/tourever.com.tr\/tr\/\">Anasayfa<\/a><\/li>\n<li id=\"menu-item-9188\" class=\"menu-item menu-item-type-post_type menu-item-object-page menu-item-9188\"><a href=\"https:\/\/tourever.com.tr\/tr\/turlar\/\">Turlar<\/a><\/li>\n<li id=\"menu-item-8709\" class=\"menu-item menu-item-type-post_type menu-item-object-page menu-item-8709\"><a href=\"https:\/\/tourever.com.tr\/tr\/hakkimizda\/\">Hakk\u0131m\u0131zda<\/a><\/li>\n<li id=\"menu-item-8771\" class=\"menu-item menu-item-type-post_type menu-item-object-page menu-item-8771\"><a href=\"https:\/\/tourever.com.tr\/tr\/iletisim\/\">\u0130leti\u015fim<\/a><\/li>\n<\/ul><\/div>[\/vc_column][vc_column width=&#8221;1\/4&#8243;][vc_column_text css=&#8221;.vc_custom_1543220022219{margin-bottom: 20px !important;}&#8221;]<\/p>\n<h4 style=\"font-size: 14px;\">DESTEK<\/h4>\n<p>[\/vc_column_text][vc_separator color=&#8221;custom&#8221; align=&#8221;align_left&#8221; el_width=&#8221;40&#8243; accent_color=&#8221;#eaeaea&#8221;]<div class=\"widget widget_nav_menu\"><ul id=\"menu-footer-new-2-tr\" class=\"menu\"><li id=\"menu-item-8774\" class=\"menu-item menu-item-type-post_type menu-item-object-page menu-item-8774\"><a href=\"https:\/\/tourever.com.tr\/tr\/gizlilik-sozlesmesi\/\">Gizlilik S\u00f6zle\u015fmesi<\/a><\/li>\n<li id=\"menu-item-8775\" class=\"menu-item menu-item-type-post_type menu-item-object-page menu-item-8775\"><a href=\"https:\/\/tourever.com.tr\/tr\/hizmet-sozlesmesi\/\">Hizmet S\u00f6zle\u015fmesi<\/a><\/li>\n<li id=\"menu-item-8776\" class=\"menu-item menu-item-type-post_type menu-item-object-page menu-item-8776\"><a href=\"https:\/\/tourever.com.tr\/tr\/kullanim-sartlari\/\">Kullan\u0131m \u015eartlar\u0131<\/a><\/li>\n<\/ul><\/div>[\/vc_column][vc_column width=&#8221;1\/4&#8243;][vc_column_text css=&#8221;.vc_custom_1543220028834{margin-bottom: 20px !important;}&#8221;]<\/p>\n<h4 style=\"font-size: 14px;\">B\u0130LG\u0130LEND\u0130RME<\/h4>\n<p>[\/vc_column_text][vc_separator color=&#8221;custom&#8221; align=&#8221;align_left&#8221; el_width=&#8221;40&#8243; accent_color=&#8221;#eaeaea&#8221;]    <div class=\"form-group\">\r\n        <label class=\"block f14 c-grey font-normal\">Languages<\/label>\r\n        <select name=\"language\" class=\" f14 select2-languages\">\r\n                            <option value=\"T\u00fcrk\u00e7e\" selected                        data-target=\"https:\/\/tourever.com.tr\/tr\/\">T\u00fcrk\u00e7e<\/option>\r\n                                <option value=\"English\"                         data-target=\"https:\/\/tourever.com.tr\/\">English<\/option>\r\n                        <\/select>\r\n    <\/div>\r\n    <div class=\"form-group mt30\">\r\n    <label class=\"block f14 c-grey font-normal\">Currencies<\/label>\r\n    <select name=\"currency\" class=\" f14 select2-currencies\">\r\n                        <option  selected='selected'                        value=\"TRY\"\r\n                        data-target=\"\/tr\/wp-json\/wp\/v2\/pages\/8777?currency=TRY\">TRY<\/option>\r\n                                <option                         value=\"EUR\"\r\n                        data-target=\"\/tr\/wp-json\/wp\/v2\/pages\/8777?currency=EUR\">EUR<\/option>\r\n                                <option                         value=\"USD\"\r\n                        data-target=\"\/tr\/wp-json\/wp\/v2\/pages\/8777?currency=USD\">USD<\/option>\r\n                    <\/select>\r\n<\/div>\r\n[vc_empty_space][vc_single_image image=&#8221;8560&#8243; img_size=&#8221;full&#8221;][\/vc_column][\/vc_row]<\/p>\n<\/section>","protected":false},"excerpt":{"rendered":"<p>[vc_row][vc_column][vc_empty_space][\/vc_column][\/vc_row][vc_row full_width=&#8221;stretch_row&#8221; css=&#8221;.vc_custom_1542265299369{background-color: #ffffff !important;}&#8221;][vc_column width=&#8221;1\/4&#8243;][vc_column_text css=&#8221;.vc_custom_1543220007372{margin-bottom: 20px !important;}&#8221;] S\u0130ZE NASIL YARDIMCI OLAB\u0130L\u0130R\u0130Z? [\/vc_column_text][vc_separator color=&#8221;custom&#8221; align=&#8221;align_left&#8221; el_width=&#8221;40&#8243; accent_color=&#8221;#eaeaea&#8221;][vc_column_text css=&#8221;.vc_custom_1596630734441{border-left-width: 3px !important;padding-left: 20px !important;border-left-color: #5191fa !important;border-left-style: solid !important;}&#8221;]Bizi Arayabilirsiniz +90 553 440 5544 +90 212 234 8055 [\/vc_column_text][vc_column_text css=&#8221;.vc_custom_1596630480596{border-left-width: 3px !important;padding-left: 20px !important;border-left-color: #5191fa !important;border-left-style: solid !important;}&#8221;]Email Adresimiz travel@tourever.com.tr [\/vc_column_text][vc_column_text css=&#8221;.vc_custom_1599509612788{margin-bottom: 15px !important;border-left-width: 3px !important;padding-left: 20px [&hellip;]<\/p>\n","protected":false},"author":1,"featured_media":0,"parent":0,"menu_order":0,"comment_status":"open","ping_status":"closed","template":"template-home-modern.php","meta":{"footnotes":""},"class_list":["post-8777","page","type-page","status-publish","has-post-thumbnail","hentry"],"_links":{"self":[{"href":"https:\/\/tourever.com.tr\/tr\/wp-json\/wp\/v2\/pages\/8777","targetHints":{"allow":["GET"]}}],"collection":[{"href":"https:\/\/tourever.com.tr\/tr\/wp-json\/wp\/v2\/pages"}],"about":[{"href":"https:\/\/tourever.com.tr\/tr\/wp-json\/wp\/v2\/types\/page"}],"author":[{"embeddable":true,"href":"https:\/\/tourever.com.tr\/tr\/wp-json\/wp\/v2\/users\/1"}],"replies":[{"embeddable":true,"href":"https:\/\/tourever.com.tr\/tr\/wp-json\/wp\/v2\/comments?post=8777"}],"version-history":[{"count":23,"href":"https:\/\/tourever.com.tr\/tr\/wp-json\/wp\/v2\/pages\/8777\/revisions"}],"predecessor-version":[{"id":8814,"href":"https:\/\/tourever.com.tr\/tr\/wp-json\/wp\/v2\/pages\/8777\/revisions\/8814"}],"wp:attachment":[{"href":"https:\/\/tourever.com.tr\/tr\/wp-json\/wp\/v2\/media?parent=8777"}],"curies":[{"name":"wp","href":"https:\/\/api.w.org\/{rel}","templated":true}]}}