{"id":8826,"date":"2020-09-08T00:34:37","date_gmt":"2020-09-07T21:34:37","guid":{"rendered":"https:\/\/tourever.com.tr\/?page_id=8826"},"modified":"2020-09-08T00:35:21","modified_gmt":"2020-09-07T21:35:21","slug":"kullanici-kayit","status":"publish","type":"page","link":"https:\/\/tourever.com.tr\/tr\/kullanici-kayit\/","title":{"rendered":"Kullan\u0131c\u0131 Kay\u0131t"},"content":{"rendered":"","protected":false},"excerpt":{"rendered":"","protected":false},"author":1,"featured_media":0,"parent":0,"menu_order":0,"comment_status":"closed","ping_status":"closed","template":"template-register.php","meta":{"footnotes":""},"class_list":["post-8826","page","type-page","status-publish","has-post-thumbnail","hentry"],"_links":{"self":[{"href":"https:\/\/tourever.com.tr\/tr\/wp-json\/wp\/v2\/pages\/8826","targetHints":{"allow":["GET"]}}],"collection":[{"href":"https:\/\/tourever.com.tr\/tr\/wp-json\/wp\/v2\/pages"}],"about":[{"href":"https:\/\/tourever.com.tr\/tr\/wp-json\/wp\/v2\/types\/page"}],"author":[{"embeddable":true,"href":"https:\/\/tourever.com.tr\/tr\/wp-json\/wp\/v2\/users\/1"}],"replies":[{"embeddable":true,"href":"https:\/\/tourever.com.tr\/tr\/wp-json\/wp\/v2\/comments?post=8826"}],"version-history":[{"count":1,"href":"https:\/\/tourever.com.tr\/tr\/wp-json\/wp\/v2\/pages\/8826\/revisions"}],"predecessor-version":[{"id":8834,"href":"https:\/\/tourever.com.tr\/tr\/wp-json\/wp\/v2\/pages\/8826\/revisions\/8834"}],"wp:attachment":[{"href":"https:\/\/tourever.com.tr\/tr\/wp-json\/wp\/v2\/media?parent=8826"}],"curies":[{"name":"wp","href":"https:\/\/api.w.org\/{rel}","templated":true}]}}