{"id":8828,"date":"2020-09-07T23:58:36","date_gmt":"2020-09-07T20:58:36","guid":{"rendered":"https:\/\/tourever.com.tr\/?page_id=8828"},"modified":"2020-09-07T23:58:40","modified_gmt":"2020-09-07T20:58:40","slug":"modal-rezervasyon-icin-siparis-onayi","status":"publish","type":"page","link":"https:\/\/tourever.com.tr\/tr\/modal-rezervasyon-icin-siparis-onayi\/","title":{"rendered":"Modal rezervasyon i\u00e7in Sipari\u015f Onay\u0131"},"content":{"rendered":"","protected":false},"excerpt":{"rendered":"","protected":false},"author":1,"featured_media":0,"parent":0,"menu_order":0,"comment_status":"open","ping_status":"open","template":"template-confirm.php","meta":{"footnotes":""},"class_list":["post-8828","page","type-page","status-publish","has-post-thumbnail","hentry"],"_links":{"self":[{"href":"https:\/\/tourever.com.tr\/tr\/wp-json\/wp\/v2\/pages\/8828","targetHints":{"allow":["GET"]}}],"collection":[{"href":"https:\/\/tourever.com.tr\/tr\/wp-json\/wp\/v2\/pages"}],"about":[{"href":"https:\/\/tourever.com.tr\/tr\/wp-json\/wp\/v2\/types\/page"}],"author":[{"embeddable":true,"href":"https:\/\/tourever.com.tr\/tr\/wp-json\/wp\/v2\/users\/1"}],"replies":[{"embeddable":true,"href":"https:\/\/tourever.com.tr\/tr\/wp-json\/wp\/v2\/comments?post=8828"}],"version-history":[{"count":1,"href":"https:\/\/tourever.com.tr\/tr\/wp-json\/wp\/v2\/pages\/8828\/revisions"}],"predecessor-version":[{"id":8830,"href":"https:\/\/tourever.com.tr\/tr\/wp-json\/wp\/v2\/pages\/8828\/revisions\/8830"}],"wp:attachment":[{"href":"https:\/\/tourever.com.tr\/tr\/wp-json\/wp\/v2\/media?parent=8828"}],"curies":[{"name":"wp","href":"https:\/\/api.w.org\/{rel}","templated":true}]}}