{"id":9088,"date":"2021-04-13T13:27:26","date_gmt":"2021-04-13T10:27:26","guid":{"rendered":"https:\/\/tourever.com.tr\/?page_id=9088"},"modified":"2021-04-13T13:27:29","modified_gmt":"2021-04-13T10:27:29","slug":"beyoglu-kultur-yolu-rotasi","status":"publish","type":"page","link":"https:\/\/tourever.com.tr\/tr\/beyoglu-kultur-yolu-rotasi\/","title":{"rendered":"BEYO\u011eLU K\u00dcLT\u00dcR YOLU ROTASI"},"content":{"rendered":"\n<figure class=\"wp-block-image size-large\"><img decoding=\"async\" width=\"1024\" height=\"1024\" src=\"https:\/\/tourever.com.tr\/wp-content\/uploads\/2021\/04\/64548504-2f46-4ca0-a500-4815e46c0fd9-1024x1024.jpg\" alt=\"\" class=\"wp-image-9091\" title=\"\" srcset=\"https:\/\/tourever.com.tr\/wp-content\/uploads\/2021\/04\/64548504-2f46-4ca0-a500-4815e46c0fd9-1024x1024.jpg 1024w, https:\/\/tourever.com.tr\/wp-content\/uploads\/2021\/04\/64548504-2f46-4ca0-a500-4815e46c0fd9-300x300.jpg 300w, https:\/\/tourever.com.tr\/wp-content\/uploads\/2021\/04\/64548504-2f46-4ca0-a500-4815e46c0fd9-150x150.jpg 150w, https:\/\/tourever.com.tr\/wp-content\/uploads\/2021\/04\/64548504-2f46-4ca0-a500-4815e46c0fd9-1536x1536.jpg 1536w, https:\/\/tourever.com.tr\/wp-content\/uploads\/2021\/04\/64548504-2f46-4ca0-a500-4815e46c0fd9-2048x2048.jpg 2048w, https:\/\/tourever.com.tr\/wp-content\/uploads\/2021\/04\/64548504-2f46-4ca0-a500-4815e46c0fd9-100x100.jpg 100w\" sizes=\"(max-width: 1024px) 100vw, 1024px\" \/><\/figure>\n\n\n\n<p>Beyo\u011flu K\u00fclt\u00fcr Rotas\u0131nda g\u00f6r\u00fclebilecek ba\u015fl\u0131ca tarihi ve turistik yap\u0131lar<\/p>\n\n\n\n<p>Galata Port, Galata Kulesi, Galata Mevlevihanesi, Tar\u0131k Zafer Tunaya K\u00fclt\u00fcr Merkezi, Narmanl\u0131han, Muammer Karaca Tiyatrosu, Garibaldi Salonu, M\u0131s\u0131r Apartman\u0131, Atlas Sinema M\u00fczesi, Grand Pera Emek Sahnesi, Taksim Camii, Atat\u00fcrk K\u00fclt\u00fcr Merkezi<\/p>\n","protected":false},"excerpt":{"rendered":"<p>Beyo\u011flu K\u00fclt\u00fcr Rotas\u0131nda g\u00f6r\u00fclebilecek ba\u015fl\u0131ca tarihi ve turistik yap\u0131lar Galata Port, Galata Kulesi, Galata Mevlevihanesi, Tar\u0131k Zafer Tunaya K\u00fclt\u00fcr Merkezi, Narmanl\u0131han, Muammer Karaca Tiyatrosu, Garibaldi Salonu, M\u0131s\u0131r Apartman\u0131, Atlas Sinema M\u00fczesi, Grand Pera Emek Sahnesi, Taksim Camii, Atat\u00fcrk K\u00fclt\u00fcr Merkezi<\/p>\n","protected":false},"author":2,"featured_media":9089,"parent":0,"menu_order":0,"comment_status":"closed","ping_status":"closed","template":"template-blog.php","meta":{"footnotes":""},"class_list":["post-9088","page","type-page","status-publish","has-post-thumbnail","hentry"],"_links":{"self":[{"href":"https:\/\/tourever.com.tr\/tr\/wp-json\/wp\/v2\/pages\/9088","targetHints":{"allow":["GET"]}}],"collection":[{"href":"https:\/\/tourever.com.tr\/tr\/wp-json\/wp\/v2\/pages"}],"about":[{"href":"https:\/\/tourever.com.tr\/tr\/wp-json\/wp\/v2\/types\/page"}],"author":[{"embeddable":true,"href":"https:\/\/tourever.com.tr\/tr\/wp-json\/wp\/v2\/users\/2"}],"replies":[{"embeddable":true,"href":"https:\/\/tourever.com.tr\/tr\/wp-json\/wp\/v2\/comments?post=9088"}],"version-history":[{"count":1,"href":"https:\/\/tourever.com.tr\/tr\/wp-json\/wp\/v2\/pages\/9088\/revisions"}],"predecessor-version":[{"id":9093,"href":"https:\/\/tourever.com.tr\/tr\/wp-json\/wp\/v2\/pages\/9088\/revisions\/9093"}],"wp:featuredmedia":[{"embeddable":true,"href":"https:\/\/tourever.com.tr\/tr\/wp-json\/wp\/v2\/media\/9089"}],"wp:attachment":[{"href":"https:\/\/tourever.com.tr\/tr\/wp-json\/wp\/v2\/media?parent=9088"}],"curies":[{"name":"wp","href":"https:\/\/api.w.org\/{rel}","templated":true}]}}