{"id":9095,"date":"2021-05-04T16:54:00","date_gmt":"2021-05-04T13:54:00","guid":{"rendered":"https:\/\/tourever.com.tr\/?page_id=9095"},"modified":"2021-05-04T17:00:11","modified_gmt":"2021-05-04T14:00:11","slug":"online-tercume","status":"publish","type":"page","link":"https:\/\/tourever.com.tr\/tr\/online-tercume\/","title":{"rendered":"ONLINE TERC\u00dcME"},"content":{"rendered":"\n<p>WhatsApp, Zoom, Skype, Wechat \u00fczerinden t\u00fcm dillerde, 7\/24 online terc\u00fcme hizmeti.<\/p>\n\n\n\n<p>\u0130ngilizce, \u0130talyanca, \u0130spanyolca, Rus\u00e7a, Arap\u00e7a ve di\u011fer dillerde yaz\u0131l\u0131, s\u00f6zl\u00fc ve simultane terc\u00fcme\/\u00e7eviri hizmeti.<\/p>\n\n\n\n<p><strong>\u0130LET\u0130\u015e\u0130M :<\/strong><\/p>\n\n\n\n<p>BALSUN ORGAN\u0130ZASYON<\/p>\n\n\n\n<p>+905326513255<\/p>\n\n\n\n<p><\/p>\n","protected":false},"excerpt":{"rendered":"<p>WhatsApp, Zoom, Skype, Wechat \u00fczerinden t\u00fcm dillerde, 7\/24 online terc\u00fcme hizmeti. \u0130ngilizce, \u0130talyanca, \u0130spanyolca, Rus\u00e7a, Arap\u00e7a ve di\u011fer dillerde yaz\u0131l\u0131, s\u00f6zl\u00fc ve simultane terc\u00fcme\/\u00e7eviri hizmeti. \u0130LET\u0130\u015e\u0130M : BALSUN ORGAN\u0130ZASYON +905326513255<\/p>\n","protected":false},"author":2,"featured_media":9096,"parent":0,"menu_order":0,"comment_status":"closed","ping_status":"closed","template":"","meta":{"footnotes":""},"class_list":["post-9095","page","type-page","status-publish","has-post-thumbnail","hentry"],"_links":{"self":[{"href":"https:\/\/tourever.com.tr\/tr\/wp-json\/wp\/v2\/pages\/9095","targetHints":{"allow":["GET"]}}],"collection":[{"href":"https:\/\/tourever.com.tr\/tr\/wp-json\/wp\/v2\/pages"}],"about":[{"href":"https:\/\/tourever.com.tr\/tr\/wp-json\/wp\/v2\/types\/page"}],"author":[{"embeddable":true,"href":"https:\/\/tourever.com.tr\/tr\/wp-json\/wp\/v2\/users\/2"}],"replies":[{"embeddable":true,"href":"https:\/\/tourever.com.tr\/tr\/wp-json\/wp\/v2\/comments?post=9095"}],"version-history":[{"count":4,"href":"https:\/\/tourever.com.tr\/tr\/wp-json\/wp\/v2\/pages\/9095\/revisions"}],"predecessor-version":[{"id":9103,"href":"https:\/\/tourever.com.tr\/tr\/wp-json\/wp\/v2\/pages\/9095\/revisions\/9103"}],"wp:featuredmedia":[{"embeddable":true,"href":"https:\/\/tourever.com.tr\/tr\/wp-json\/wp\/v2\/media\/9096"}],"wp:attachment":[{"href":"https:\/\/tourever.com.tr\/tr\/wp-json\/wp\/v2\/media?parent=9095"}],"curies":[{"name":"wp","href":"https:\/\/api.w.org\/{rel}","templated":true}]}}