{"id":9468,"date":"2024-06-04T19:09:38","date_gmt":"2024-06-04T16:09:38","guid":{"rendered":"https:\/\/tourever.com.tr\/?page_id=9468"},"modified":"2024-06-04T19:52:13","modified_gmt":"2024-06-04T16:52:13","slug":"van-golu-havzasi-turu","status":"publish","type":"page","link":"https:\/\/tourever.com.tr\/tr\/van-golu-havzasi-turu\/","title":{"rendered":"Van G\u00f6l\u00fc Havzas\u0131 Turu"},"content":{"rendered":"<section class=\"wpb-content-wrapper\"><p>[vc_row full_width=&#8221;stretch_row_content&#8221;][vc_column][vc_single_image image=&#8221;9478&#8243; img_size=&#8221;full&#8221;][\/vc_column][\/vc_row][vc_row][vc_column width=&#8221;1\/2&#8243;][vc_column_text]<strong><u>VAN G\u00d6L\u00dc HAVZASI TURU<\/u><\/strong><\/p>\n<ul>\n<li>A\u011fr\u0131 Da\u011f\u0131, \u0130shakpa\u015fa Saray\u0131, Muradiye \u015eelalesi\u2026<\/li>\n<li>Erci\u015f, Adilcevaz ve S\u00fcphan Da\u011f\u0131\u2026<\/li>\n<li>Ahlat k\u00fcmbetleri ve abidevi an\u0131t mezarlar\u2026<\/li>\n<li>Nemrut Krater G\u00f6lleri ve Tarihi Bitlis \u015fehir gezisi.<\/li>\n<li>Van Kalesi, Van Kedisi, Van Kahvalt\u0131s\u0131, Akdamar Adas\u0131\u2026<\/li>\n<li>Gurmelere \u00f6zel y\u00f6resel lezzetler.<\/li>\n<li>\u0130stanbul\u2019dan u\u00e7akla gidi\u015f ve d\u00f6n\u00fc\u015f.<\/li>\n<\/ul>\n<p>Farkl\u0131 bir Do\u011fu Anadolu turu.<\/p>\n<p>D\u00f6rt g\u00fcnl\u00fck dolu dolu bir gezi.<\/p>\n<p>Tarihi ve do\u011fas\u0131 ile yurdumuzun cennet k\u00f6\u015felerinden Van G\u00f6l\u00fc Havzas\u0131\u2019n\u0131 geziyoruz.<\/p>\n<p>Hava yoluyla gidip d\u00f6n\u00fcyoruz.<\/p>\n<p><strong>\u00a0<\/strong><\/p>\n<p>Sizi \u00fclkemizin bakir kalm\u0131\u015f bir b\u00f6lgesine g\u00f6t\u00fcr\u00fcyoruz. Do\u011fa, tarih ve k\u00fclt\u00fcr\u00fcn i\u00e7 i\u00e7e ge\u00e7ti\u011fi bu \u00f6zel turumuzla yurdumuzun sakl\u0131 cennetlerinden birini gezece\u011fiz. \u0130stanbul\u2019da bir semtten di\u011ferine gider gibi Van G\u00f6l\u00fc Havzas\u0131 Turumuza u\u00e7akla gidip, d\u00f6n\u00fcyoruz. Sabah 2 saat 5 dakikada \u0130stanbul\u2019dan I\u011fd\u0131r\u2019a u\u00e7uyoruz. Sizi\u00a0d\u00f6rt g\u00fcn boyunca Van G\u00f6l\u00fc Havzas\u0131\u2019nda a\u011f\u0131rl\u0131yoruz. Otel, ula\u015f\u0131m, yemek ve vapur \u00fccreti d\u00e2hil.<\/p>\n<p>Per\u015fembe sabah\u0131 \u0130stanbul Havaliman\u0131\u2019ndan I\u011fd\u0131r\u2019a\u00a0\u00a0\u00a0\u00a0\u00a0\u00a0\u00a0\u00a0\u00a0 06.35 \u2013 08.40<br \/>\nPazar ak\u015fam\u0131 Van\u2019dan \u0130stanbul\u2019a d\u00f6n\u00fc\u015f\u00a0\u00a0\u00a0\u00a0 \u00a0\u00a0\u00a0\u00a0\u00a0\u00a0\u00a0\u00a0\u00a0\u00a0\u00a0 \u00a0\u00a0\u00a0\u00a0\u00a0\u00a0\u00a0\u00a0\u00a0\u00a0\u00a0 20.00 \u2013 22.25<\/p>\n<p><strong>\u00a0<\/strong><\/p>\n<p><strong>PROGRAMIMIZ<\/strong><\/p>\n<ol>\n<li><strong>G\u00dcN<\/strong><\/li>\n<\/ol>\n<p>Sabah 05.00\u2019de \u0130stanbul Havaliman\u0131\u2019nda bulu\u015fuyoruz. 06.35 u\u00e7a\u011f\u0131 ile I\u011fd\u0131r\u2019a hareket ediyoruz. U\u00e7u\u015f s\u00fcremiz 2 saat 5 dakika.<br \/>\nArac\u0131m\u0131z bizi al\u0131yor, I\u011fd\u0131r\u2019da Tuzluca Ma\u011faralar\u0131\u2019n\u0131 geziyoruz. A\u011fr\u0131 Da\u011f\u0131 manzaras\u0131 e\u015fli\u011finde Do\u011fubeyaz\u0131t\u2019a hareket ediyoruz.<\/p>\n<p>\u00d6\u011fle yeme\u011fini Do\u011fubeyaz\u0131t\u2019ya yiyerek \u0130shakpa\u015fa Saray\u0131\u2019na ge\u00e7iyoruz. \u0130shakpa\u015fa, Osmanl\u0131\u2019n\u0131n \u0130stanbul d\u0131\u015f\u0131nda varl\u0131\u011f\u0131n\u0131 koruyan tek saray\u0131. \u0130shakpa\u015fa Saray\u0131\u2019n\u0131 gezdikten sonras\u0131nda Do\u011fu Beyaz\u0131t\u2019t\u0131n \u00fcnl\u00fc hanlar\u0131nda al\u0131\u015fveri\u015f i\u00e7in serbest zaman veriyoruz. \u0130l\u00e7enin gurmelere has yemekler yapan lokantas\u0131nda bulu\u015fup ak\u015fam yeme\u011fini yiyoruz. Lokantada yemek se\u00e7imi serbest. \u0130lk g\u00fcn konaklamam\u0131z Erci\u015f\u2019te.<\/p>\n<ol start=\"2\">\n<li><strong>G\u00dcN<\/strong><br \/>\n\u0130kinci g\u00fcn sabah kahvalt\u0131s\u0131ndan sonra Do\u011fu\u2019nun en g\u00fczel \u015felalesi olan Muradiye\u2019ye do\u011fru hareket ediyoruz. \u015eelale\u2019deki sular\u0131n m\u00fcthi\u015f melodisi e\u015fli\u011findeki foto\u011fraf ve \u00e7ay molas\u0131ndan sonra Adilcevaz\u2019a hareket ediyoruz.<\/li>\n<\/ol>\n<p>Adilcevaz Kalesi ete\u011findeki Sel\u00e7uklu eseri \u00fcnl\u00fc Ulu Cami ile Mimar Sinan eseri 12 kubbeli Zal Pa\u015fa Camii\u2019ni ve Urartu M\u00fczesi\u2019ni geziyoruz. Adilcevaz il\u00e7e merkezine u\u011fray\u0131p \u00f6\u011fle yeme\u011fi yiyoruz, k\u0131sa bir \u00e7ay ve al\u0131\u015fveri\u015f molas\u0131 veriyoruz.<\/p>\n<p>\u00d6\u011fleden sonra Ahlat\u2019a ge\u00e7ip, Hz. \u00d6mer zaman\u0131nda Ahlat\u2019\u0131n fethinde \u015fehit d\u00fc\u015fen sahabeden Muaz bin Cebel\u2019in o\u011flu Abdurrahman Gazi\u2019nin T\u00fcrbesi\u2019ni ziyaret ediyor, \u015fehri ku\u015f bak\u0131\u015f\u0131 seyrediyoruz.<\/p>\n<p>Ahlat\u2019\u0131n do\u011fu taraf\u0131ndan giri\u015finde yer alan Erzen Hatun ve \u015eeyh Necmeddin K\u00fcmbetleri\u2019ni gezip, sahilde yer alan Osmanl\u0131 Kalesi\u2019ne ge\u00e7iyoruz. Buradaki tarihi \u0130skender Pa\u015fa ve Kad\u0131 Mahmut camilerini g\u00f6rd\u00fckten sonra Ahlat M\u00fczesi ge\u00e7iyoruz. M\u00fcze\u2019yi rehber e\u015fli\u011finde gezdikten sonra \u0130slam d\u00fcnyas\u0131n\u0131n en b\u00fcy\u00fck kabristan\u0131 olan Sel\u00e7uklu Kabristan\u0131\u2019n\u0131n i\u00e7inden an\u0131t mezarlar\u0131 inceleyerek Emir Bay\u0131nd\u0131r K\u00fcmbeti\u2019ne kadar 15 dakika y\u00fcr\u00fcyoruz.<br \/>\nHarabe\u015fehir denilen \u00fcnl\u00fc Sel\u00e7uklu \u0130\u00e7 Kalesi\u2019ni ve buradaki Bay\u0131nd\u0131r K\u00f6pr\u00fcs\u00fc ve \u015eelalesi\u2019ni g\u00f6r\u00fcp foto\u011frafl\u0131yoruz. Kanuni\u2019nin \u00e7ad\u0131r\u0131n\u0131 kurdu\u011fu Taht\u0131 S\u00fcleyman mevkiine \u00e7\u0131k\u0131p Hasan Padi\u015fah K\u00fcmbetine ula\u015f\u0131yoruz.<\/p>\n<p>S\u0131rada K\u00fcmbetler gezisi var. \u0130ki Kubbe Mahallesi\u2019ndeki Mirza Muhammed K\u00fcmbeti, \u015eirin Hatun K\u00fcmbeti, Emir Ali K\u00fcmbeti ve Tek K\u00fcmbeti gezerek\u00a0\u00c7ifte K\u00fcmbetlere ula\u015f\u0131yoruz.<\/p>\n<p>\u00c7ar\u015f\u0131\u2019da serbest zaman ve do\u011fal \u00fcr\u00fcnler i\u00e7in al\u0131\u015fveri\u015f molas\u0131 verip ak\u015fam yeme\u011fine ge\u00e7iyoruz.<\/p>\n<p>Y\u00f6renin do\u011fal \u015fartlar\u0131nda beslenme sonucu \u00fcretilen lezzetli etleri ile yap\u0131lan yemeklerin tad\u0131na bak\u0131yoruz. Kavurmadan, sa\u00e7 tava, pide ve \u0131zgaralara kadar geni\u015f bir men\u00fcden yemek se\u00e7imi serbest. \u00c7orba, i\u00e7ecek ve aperatifler de cabas\u0131.<\/p>\n<p>Buradan Van G\u00f6l\u00fc k\u0131y\u0131s\u0131ndaki otelimize y\u00fcr\u00fcyoruz.\u00a0Hemen biti\u015fi\u011findeki Ahlat iskelesinden g\u00f6le girme, Van G\u00f6l\u00fc\u2019n\u00fcn sodal\u0131 sular\u0131nda g\u00fcn\u00fcn ve ak\u015fam\u0131n her saatinde y\u00fczme imk\u00e2n\u0131 oldu\u011funu da hat\u0131rlatal\u0131m.<\/p>\n<ol start=\"3\">\n<li><strong>G\u00dcN<\/strong><br \/>\nVan G\u00f6l\u00fc k\u0131y\u0131s\u0131nda s\u0131cak pide, bal \u2013 kaymak ve do\u011fal \u00fcr\u00fcnler e\u015fli\u011finde kahvalt\u0131m\u0131z\u0131 yap\u0131p yol kenar\u0131ndaki Ahlat Ku\u015f Cenneti\u2019ni g\u00f6zlemleyerek Nemrut Krater G\u00f6l\u00fc\u2019ne do\u011fru hareket ediyoruz. Kraterdeki Ye\u015fil ve Mavi G\u00f6llerin k\u0131y\u0131s\u0131na kadar iniyoruz. S\u0131cak ve so\u011fuk suyun birlikte bulundu\u011fu g\u00f6llerin yan\u0131 s\u0131ra buhar bacalar\u0131n\u0131 da geziyoruz.<br \/>\nD\u00f6n\u00fc\u015fte Nemrut\u2019u kaplayan Mavi G\u00f6l\u2019\u00fc, ile Tatvan ve Van G\u00f6l\u00fc\u2019n\u00fc tepeden g\u00f6ren y\u00fcksek bir noktada foto\u011fraf molas\u0131 veriyoruz.<\/li>\n<\/ol>\n<p>Nemrut\u2019tan inip Bitlis \u015fehir merkezine do\u011fru hareket ediyoruz. Yolumuzun \u00fczerindeki El Aman Kervansaray\u0131\u2019ndan sonra Bitlis\u2019te ilk gezece\u011fimiz yer \u0130hlasiye Medresesi. Ulu Cami ve \u015eerefiye K\u00fclliyesi\u2019nde verece\u011fimiz molan\u0131n ard\u0131ndan B\u00fcryan yemeye ge\u00e7iyoruz. Bitlis\u2019in en g\u00fczel noktas\u0131ndaki seyir teras\u0131ndan Bitlis \u015fehri, be\u015f minare ve Bitlis Kalesi\u2019ni foto\u011frafl\u0131yoruz.<\/p>\n<p>\u015eehir merkezindeki serbest zaman ve al\u0131\u015fveri\u015f molas\u0131ndan sonra konaklamak i\u00e7in Tatvan\u2019a hareket ediyoruz.<\/p>\n<p><strong>\u00a0<\/strong><\/p>\n<ol start=\"4\">\n<li><strong>G\u00dcN<\/strong><br \/>\nD\u00f6rd\u00fcnc\u00fc g\u00fcn\u00fcn sabah\u0131 otelimizde a\u00e7\u0131k b\u00fcfe Van kahvalt\u0131s\u0131 yap\u0131p Akdamar Adas\u0131\u2019na do\u011fru hareket ediyoruz. Tekneyle Akdamar Adas\u0131\u2019na ge\u00e7iyoruz. G\u00f6l k\u0131y\u0131s\u0131n\u0131n tertemiz sular\u0131 y\u00fczmeyi sevenler i\u00e7in ideal. Van G\u00f6l\u00fc\u2019n\u00fcn en b\u00fcy\u00fck adas\u0131n\u0131 ve tarihi Akdamar Kilisesi\u2019ni geziyoruz.<\/li>\n<\/ol>\n<p>Van\u2019\u0131n Geva\u015f il\u00e7esine u\u011fray\u0131p \u00fcnl\u00fc Halime Hatun K\u00fcmbeti ve Sel\u00e7uklu Kabristan\u0131\u2019n\u0131 geziyoruz. \u0130l\u00e7ede \u00fcnl\u00fc \u0130nci Kefali bal\u0131\u011f\u0131n\u0131n tad\u0131na bak\u0131yoruz. F\u0131r\u0131nda k\u0131zart\u0131lm\u0131\u015f nefis bal\u0131\u011f\u0131n yan\u0131nda y\u00f6reye \u00f6zg\u00fc ayran a\u015f\u0131, salata ve irmik helvas\u0131 ile birlikte\u2026<\/p>\n<p>\u00c7ay\u0131m\u0131z\u0131 yudumlad\u0131ktan sonra tarihi Van \u015fehir kal\u0131nt\u0131lar\u0131n\u0131n da bulundu\u011fu H\u00fcsrev Pa\u015fa Camii ve K\u00fclliyesi\u2019ni geziyoruz. Y\u00f6renin \u00fcnl\u00fc mavi ye\u015fil g\u00f6zl\u00fc Van kedilerini sevip, g\u00fcm\u00fc\u015f at\u00f6lyesi ve Van M\u00fczesi\u2019ni geziyor, Urartular\u2019a ba\u015fkentlik yapm\u0131\u015f olan \u00e7ivi yaz\u0131lar\u0131yla \u00fcnl\u00fc tarihi Van Kalesi\u2019ni g\u00f6r\u00fcp, kaleden Van\u2019\u0131 ve Van G\u00f6l\u00fc\u2019n\u00fcn doyumsuz manzaras\u0131n\u0131 izliyoruz. Buradan ak\u015fam yeme\u011fi i\u00e7in y\u00f6renin en \u00fcnl\u00fc \u00e7a\u011f kebab\u0131 lokantas\u0131nda ak\u015fam yeme\u011fini yiyerek havaalan\u0131na ge\u00e7iyoruz.<\/p>\n<p><strong>NERELER\u0130 GEZECE\u011e\u0130Z?<\/strong><\/p>\n<p>A\u011fr\u0131 Da\u011f\u0131 eteklerindeki \u0130shakpa\u015fa Saray\u0131<\/p>\n<p>Muradiye \u015eelalesi<\/p>\n<p>Adilcevaz Ulu Camii<\/p>\n<p>Zal Pa\u015fa Camii<\/p>\n<p>Ahlat Abdurrahman Gazi T\u00fcrbesi<\/p>\n<p>Osmanl\u0131 Kalesi<\/p>\n<p>Tarihi \u0130skenderpa\u015fa ve Kad\u0131 Mahmut Camileri<\/p>\n<p>Ahlat M\u00fczesi<\/p>\n<p>Ahlat Sel\u00e7uklu Kabristan\u0131<\/p>\n<p>Ahlat K\u00fcmbetleri<\/p>\n<p>Sel\u00e7uklu \u0130\u00e7 Kale<\/p>\n<p>Bay\u0131nd\u0131r K\u00f6pr\u00fcs\u00fc ve \u015eelalesi<\/p>\n<p>Nemrut Krater G\u00f6lleri<\/p>\n<p>El Aman Kervansaray\u0131<\/p>\n<p>Bitlis \u0130hlasiye Medresesi<\/p>\n<p>Ulu Camii<\/p>\n<p>\u015eerefiye K\u00fclliyesi<\/p>\n<p>Seyir Teras\u0131\u2019ndan Bitlis \u015fehri ve Kalesi<\/p>\n<p>Akdamar Adas\u0131 ve Kilisesi<\/p>\n<p>Van Halime Hatun K\u00fcmbeti<\/p>\n<p>Geva\u015f Sel\u00e7uklu Kabristan\u0131<\/p>\n<p>H\u00fcsrev Pa\u015fa Camii ve K\u00fclliyesi<\/p>\n<p>Van M\u00fczesi<\/p>\n<p>Van (Tu\u015fba) Kalesi<\/p>\n<p>&nbsp;<\/p>\n<p><strong>NELER DAH\u0130L?<\/strong><\/p>\n<ul>\n<li>\u0130stanbul\u2019dan I\u011fd\u0131r\u2019a, Van\u2019dan \u0130stanbul\u2019a u\u00e7ak biletleri<\/li>\n<li>Konaklama (3 gece)<\/li>\n<li>Yerel ara\u00e7larla ula\u015f\u0131m<\/li>\n<li>Profesyonel rehberlik hizmeti<\/li>\n<li>Akdamar Adas\u0131\u2019na tekne \u00fccreti,<\/li>\n<li>kahvalt\u0131, \u00f6\u011flen ve ak\u015fam yemekleri<\/li>\n<li>Seyahat sigortas\u0131<\/li>\n<\/ul>\n<p><strong>NELER HAR\u0130\u00c7?<\/strong><\/p>\n<p>Otellerde i\u00e7ecek \u00fccretleri, m\u00fcze giri\u015fleri, bah\u015fi\u015f ve \u00f6zel harcamalar.<\/p>\n<p><strong>YANINIZA ALIN<\/strong><\/p>\n<p>Uygun bir s\u0131rt \u00e7antas\u0131<\/p>\n<p>\u0130yi bir y\u00fcr\u00fcy\u00fc\u015f ayakkab\u0131s\u0131<\/p>\n<p>Hava \u015fartlar\u0131na uygun koruyucu aksesuar<\/p>\n<p>\u015eapka, kol ve bacaklar\u0131 kapatan giysiler<\/p>\n<p>Yedek \u00e7orap, \u00e7ama\u015f\u0131r ve giysi<\/p>\n<p>Gece otelde kullanmak \u00fczere k\u0131yafet ve ki\u015fisel bak\u0131m \u00fcr\u00fcnleri<\/p>\n<p>Havlu, mayo, terlik, g\u00fcne\u015f ve r\u00fczg\u00e2rdan korunmak i\u00e7in krem<\/p>\n<p>Dudak nemlendirici, ani hava de\u011fi\u015fiklikleri i\u00e7in h\u0131rka.<\/p>\n<p>Foto\u011fraf makinesi, m\u00fcze kart, ki\u015fisel ila\u00e7lar<\/p>\n<p><strong>ZORLUK DERECES\u0130<\/strong><br \/>\nHerkes kat\u0131labilir. K\u00fclt\u00fcr ve k\u0131sa do\u011fa gezileri i\u00e7erir.<\/p>\n<p><strong>\u00dcCRET<\/strong><br \/>\nKi\u015fi ba\u015f\u0131 22.000 TL + %20 KDV<\/p>\n<p>Tur \u00fccretinin yar\u0131s\u0131 pe\u015fin, kalan yar\u0131s\u0131 tur ba\u015flang\u0131c\u0131nda \u00f6denecektir.<\/p>\n<p>[\/vc_column_text][\/vc_column][vc_column width=&#8221;1\/2&#8243;][vc_column_text]<strong>B\u0130LG\u0130 ve DANI\u015eMA \u0130\u00c7\u0130N:<\/strong><\/p>\n<p>Ali \u0130hsan G\u00fclc\u00fc: 0532.292 55 19<\/p>\n<p>travel@tourever.com.tr<\/p>\n<p>Tourever Travel,<\/p>\n<p>Cem Balsun: 0532. 651 32 55[\/vc_column_text][vc_column_text]<strong>GALER\u0130<\/strong>[\/vc_column_text][vc_media_grid gap=&#8221;10&#8243; grid_id=&#8221;vc_gid:1717519888356-ce6db8c2-9c7b-0&#8243; include=&#8221;9484,9506,9486,9488,9502,9504,9500,9498,9496,9494,9490,9492&#8243;][\/vc_column][\/vc_row]<\/p>\n<\/section>","protected":false},"excerpt":{"rendered":"<p>[vc_row full_width=&#8221;stretch_row_content&#8221;][vc_column][vc_single_image image=&#8221;9478&#8243; img_size=&#8221;full&#8221;][\/vc_column][\/vc_row][vc_row][vc_column width=&#8221;1\/2&#8243;][vc_column_text]VAN G\u00d6L\u00dc HAVZASI TURU A\u011fr\u0131 Da\u011f\u0131, \u0130shakpa\u015fa Saray\u0131, Muradiye \u015eelalesi\u2026 Erci\u015f, Adilcevaz ve S\u00fcphan Da\u011f\u0131\u2026 Ahlat k\u00fcmbetleri ve abidevi an\u0131t mezarlar\u2026 Nemrut Krater G\u00f6lleri ve Tarihi Bitlis \u015fehir gezisi. Van Kalesi, Van Kedisi, Van Kahvalt\u0131s\u0131, Akdamar Adas\u0131\u2026 Gurmelere \u00f6zel y\u00f6resel lezzetler. \u0130stanbul\u2019dan u\u00e7akla gidi\u015f ve d\u00f6n\u00fc\u015f. Farkl\u0131 bir Do\u011fu Anadolu turu. [&hellip;]<\/p>\n","protected":false},"author":1,"featured_media":0,"parent":0,"menu_order":0,"comment_status":"closed","ping_status":"closed","template":"template-blank.php","meta":{"footnotes":""},"class_list":["post-9468","page","type-page","status-publish","has-post-thumbnail","hentry"],"_links":{"self":[{"href":"https:\/\/tourever.com.tr\/tr\/wp-json\/wp\/v2\/pages\/9468","targetHints":{"allow":["GET"]}}],"collection":[{"href":"https:\/\/tourever.com.tr\/tr\/wp-json\/wp\/v2\/pages"}],"about":[{"href":"https:\/\/tourever.com.tr\/tr\/wp-json\/wp\/v2\/types\/page"}],"author":[{"embeddable":true,"href":"https:\/\/tourever.com.tr\/tr\/wp-json\/wp\/v2\/users\/1"}],"replies":[{"embeddable":true,"href":"https:\/\/tourever.com.tr\/tr\/wp-json\/wp\/v2\/comments?post=9468"}],"version-history":[{"count":11,"href":"https:\/\/tourever.com.tr\/tr\/wp-json\/wp\/v2\/pages\/9468\/revisions"}],"predecessor-version":[{"id":9509,"href":"https:\/\/tourever.com.tr\/tr\/wp-json\/wp\/v2\/pages\/9468\/revisions\/9509"}],"wp:attachment":[{"href":"https:\/\/tourever.com.tr\/tr\/wp-json\/wp\/v2\/media?parent=9468"}],"curies":[{"name":"wp","href":"https:\/\/api.w.org\/{rel}","templated":true}]}}