{"id":8838,"date":"2020-09-09T13:34:30","date_gmt":"2020-09-09T10:34:30","guid":{"rendered":"https:\/\/tourever.com.tr\/urun\/sultanahmet-tarihi-yarimada-turu\/"},"modified":"2021-02-18T13:47:01","modified_gmt":"2021-02-18T10:47:01","slug":"sultanahmet-tarihi-yarimada-turu","status":"publish","type":"product","link":"https:\/\/tourever.com.tr\/tr\/urun\/sultanahmet-tarihi-yarimada-turu\/","title":{"rendered":"Sultanahmet Tarihi Yar\u0131mada Turu"},"content":{"rendered":"<section class=\"wpb-content-wrapper\"><p>[vc_row][vc_column][vc_column_text]<\/p>\n<h1>SULTANAHMET TAR\u0130H\u0130 YARIMADA TURU<\/h1>\n<p>Profesyonel turist rehberleri e\u015fli\u011finde, farkl\u0131 dillerde d\u00fczenlenen turlar\u0131m\u0131z i\u00e7in bizimle irtibata ge\u00e7erek daha detayl\u0131 bilgi alabilirsiniz.<\/p>\n<p>Turlar\u0131m\u0131za bireysel olarak kat\u0131labilece\u011finiz gibi, aileniz, dostlar\u0131n\u0131z veya yabanc\u0131 misafirleriniz i\u00e7in istedi\u011finiz dilde \u00f6zel turlar da d\u00fczenleyebiliriz.<\/p>\n<p><strong>SULTANAHMET TURUNDA Z\u0130YARET ED\u0130LEN \u00d6NEML\u0130 YERLER:<\/strong><\/p>\n<ul>\n<li>Hipodrom<\/li>\n<li>Sultanahmet Camii<\/li>\n<li>Topkap\u0131 Saray\u0131<\/li>\n<li>Ayasofya Camii<\/li>\n<li>Yerebatan Saray\u0131<\/li>\n<li>Kapal\u0131\u00e7ar\u015f\u0131<\/li>\n<\/ul>\n<p>[\/vc_column_text][\/vc_column][\/vc_row]<\/p>\n<\/section>","protected":false},"excerpt":{"rendered":"<p>[vc_row][vc_column][vc_column_text] SULTANAHMET TAR\u0130H\u0130 YARIMADA TURU Profesyonel turist rehberleri e\u015fli\u011finde, farkl\u0131 dillerde d\u00fczenlenen turlar\u0131m\u0131z i\u00e7in bizimle irtibata ge\u00e7erek daha detayl\u0131 bilgi alabilirsiniz. Turlar\u0131m\u0131za bireysel olarak kat\u0131labilece\u011finiz gibi, aileniz, dostlar\u0131n\u0131z veya yabanc\u0131 misafirleriniz i\u00e7in istedi\u011finiz dilde \u00f6zel turlar da d\u00fczenleyebiliriz. SULTANAHMET TURUNDA Z\u0130YARET ED\u0130LEN \u00d6NEML\u0130 YERLER: Hipodrom Sultanahmet Camii Topkap\u0131 Saray\u0131 Ayasofya Camii Yerebatan Saray\u0131 Kapal\u0131\u00e7ar\u015f\u0131 [\/vc_column_text][\/vc_column][\/vc_row]<\/p>\n","protected":false},"featured_media":8760,"comment_status":"closed","ping_status":"closed","template":"","meta":[],"product_brand":[],"product_cat":[15],"product_tag":[],"class_list":{"0":"post-8838","1":"product","2":"type-product","3":"status-publish","4":"has-post-thumbnail","6":"product_cat-genel","8":"first","9":"instock","10":"sold-individually","11":"shipping-taxable","12":"purchasable","13":"product-type-simple"},"_links":{"self":[{"href":"https:\/\/tourever.com.tr\/tr\/wp-json\/wp\/v2\/product\/8838","targetHints":{"allow":["GET"]}}],"collection":[{"href":"https:\/\/tourever.com.tr\/tr\/wp-json\/wp\/v2\/product"}],"about":[{"href":"https:\/\/tourever.com.tr\/tr\/wp-json\/wp\/v2\/types\/product"}],"replies":[{"embeddable":true,"href":"https:\/\/tourever.com.tr\/tr\/wp-json\/wp\/v2\/comments?post=8838"}],"wp:featuredmedia":[{"embeddable":true,"href":"https:\/\/tourever.com.tr\/tr\/wp-json\/wp\/v2\/media\/8760"}],"wp:attachment":[{"href":"https:\/\/tourever.com.tr\/tr\/wp-json\/wp\/v2\/media?parent=8838"}],"wp:term":[{"taxonomy":"product_brand","embeddable":true,"href":"https:\/\/tourever.com.tr\/tr\/wp-json\/wp\/v2\/product_brand?post=8838"},{"taxonomy":"product_cat","embeddable":true,"href":"https:\/\/tourever.com.tr\/tr\/wp-json\/wp\/v2\/product_cat?post=8838"},{"taxonomy":"product_tag","embeddable":true,"href":"https:\/\/tourever.com.tr\/tr\/wp-json\/wp\/v2\/product_tag?post=8838"}],"curies":[{"name":"wp","href":"https:\/\/api.w.org\/{rel}","templated":true}]}}